{"id":70,"date":"2024-01-06T18:07:27","date_gmt":"2024-01-06T18:07:27","guid":{"rendered":"https:\/\/vinavl.com\/?page_id=70"},"modified":"2024-01-19T22:26:55","modified_gmt":"2024-01-19T22:26:55","slug":"gildesal","status":"publish","type":"page","link":"https:\/\/vinavl.com\/?page_id=70","title":{"rendered":"Gildesal"},"content":{"rendered":"\t\t<div data-elementor-type=\"wp-page\" data-elementor-id=\"70\" class=\"elementor elementor-70\">\n\t\t\t\t<div class=\"elementor-element elementor-element-4348e67 e-flex e-con-boxed e-con e-parent\" data-id=\"4348e67\" data-element_type=\"container\">\n\t\t\t\t\t<div class=\"e-con-inner\">\n\t\t\t\t<div class=\"elementor-element elementor-element-12b514c elementor-widget elementor-widget-heading\" data-id=\"12b514c\" data-element_type=\"widget\" data-widget_type=\"heading.default\">\n\t\t\t\t<div class=\"elementor-widget-container\">\n\t\t\t<style>\/*! elementor - v3.21.0 - 08-05-2024 *\/\n.elementor-heading-title{padding:0;margin:0;line-height:1}.elementor-widget-heading .elementor-heading-title[class*=elementor-size-]>a{color:inherit;font-size:inherit;line-height:inherit}.elementor-widget-heading .elementor-heading-title.elementor-size-small{font-size:15px}.elementor-widget-heading .elementor-heading-title.elementor-size-medium{font-size:19px}.elementor-widget-heading .elementor-heading-title.elementor-size-large{font-size:29px}.elementor-widget-heading .elementor-heading-title.elementor-size-xl{font-size:39px}.elementor-widget-heading .elementor-heading-title.elementor-size-xxl{font-size:59px}<\/style><h2 class=\"elementor-heading-title elementor-size-default\">Leje af gildesal<\/h2>\t\t<\/div>\n\t\t\t\t<\/div>\n\t\t\t\t\t<\/div>\n\t\t\t\t<\/div>\n\t\t<div class=\"elementor-element elementor-element-8ec5815 e-flex e-con-boxed e-con e-parent\" data-id=\"8ec5815\" data-element_type=\"container\">\n\t\t\t\t\t<div class=\"e-con-inner\">\n\t\t<div class=\"elementor-element elementor-element-9292e72 e-con-full e-flex e-con e-child\" data-id=\"9292e72\" data-element_type=\"container\">\n\t\t\t\t<div class=\"elementor-element elementor-element-43fecf1 elementor-widget elementor-widget-text-editor\" data-id=\"43fecf1\" data-element_type=\"widget\" data-widget_type=\"text-editor.default\">\n\t\t\t\t<div class=\"elementor-widget-container\">\n\t\t\t<style>\/*! elementor - v3.21.0 - 08-05-2024 *\/\n.elementor-widget-text-editor.elementor-drop-cap-view-stacked .elementor-drop-cap{background-color:#69727d;color:#fff}.elementor-widget-text-editor.elementor-drop-cap-view-framed .elementor-drop-cap{color:#69727d;border:3px solid;background-color:transparent}.elementor-widget-text-editor:not(.elementor-drop-cap-view-default) .elementor-drop-cap{margin-top:8px}.elementor-widget-text-editor:not(.elementor-drop-cap-view-default) .elementor-drop-cap-letter{width:1em;height:1em}.elementor-widget-text-editor .elementor-drop-cap{float:left;text-align:center;line-height:1;font-size:50px}.elementor-widget-text-editor .elementor-drop-cap-letter{display:inline-block}<\/style>\t\t\t\t<p>Lejem\u00e5let er gildestue, k\u00f8kken og toilet, med plads til 50 personer. K\u00f8kken indeholder komfur, k\u00f8leskab, kaffemaskine, opvaskemaskine og service mv. Til 50 personer. Der er adgang til fryser.<\/p><p>Lokalerne er opvarmet ved ankomst og der ligger br\u00e6nde ved br\u00e6ndeovnen til vedligeholdelse.<\/p><p>Der er mulighed for at d\u00e6kke bord, pynte op og forberede dagen f\u00f8r fra kl 12 og oprydning og reng\u00f8ring dagen efter festen kl 12 \u2013 med mindre andet er aftalt.<\/p><p>Reng\u00f8ring: Fejning\/st\u00f8vsugning af gildestuen og forgang. Gulvvask i k\u00f8kken og toilet.<\/p><p>Lejen er 3000,- kr incl. Velkomstdrik fra vink\u00e6lderen<\/p><p>Depositum 500,- kr ved booking, fratr\u00e6kkes ved afregning.<\/p>\t\t\t\t\t\t<\/div>\n\t\t\t\t<\/div>\n\t\t\t\t<div class=\"elementor-element elementor-element-f3b50f6 elementor-widget elementor-widget-heading\" data-id=\"f3b50f6\" data-element_type=\"widget\" data-widget_type=\"heading.default\">\n\t\t\t\t<div class=\"elementor-widget-container\">\n\t\t\t<h5 class=\"elementor-heading-title elementor-size-default\"><a href=\"https:\/\/vinavl.com\/?page_id=25\">Kontakt info.<\/a><\/h5>\t\t<\/div>\n\t\t\t\t<\/div>\n\t\t\t\t<\/div>\n\t\t<div class=\"elementor-element elementor-element-b74a474 e-con-full e-flex e-con e-child\" data-id=\"b74a474\" data-element_type=\"container\">\n\t\t\t\t<div class=\"elementor-element elementor-element-97294ed elementor-widget elementor-widget-image\" data-id=\"97294ed\" data-element_type=\"widget\" data-widget_type=\"image.default\">\n\t\t\t\t<div class=\"elementor-widget-container\">\n\t\t\t<style>\/*! elementor - v3.21.0 - 08-05-2024 *\/\n.elementor-widget-image{text-align:center}.elementor-widget-image a{display:inline-block}.elementor-widget-image a img[src$=\".svg\"]{width:48px}.elementor-widget-image img{vertical-align:middle;display:inline-block}<\/style>\t\t\t\t\t\t\t\t\t\t<img fetchpriority=\"high\" decoding=\"async\" width=\"1024\" height=\"768\" src=\"https:\/\/vinavl.com\/wp-content\/uploads\/2024\/01\/IMG_20210821_162906_resized_20240106_065148499-1024x768.jpg\" class=\"attachment-large size-large wp-image-221\" alt=\"\" srcset=\"https:\/\/vinavl.com\/wp-content\/uploads\/2024\/01\/IMG_20210821_162906_resized_20240106_065148499-1024x768.jpg 1024w, https:\/\/vinavl.com\/wp-content\/uploads\/2024\/01\/IMG_20210821_162906_resized_20240106_065148499-300x225.jpg 300w, https:\/\/vinavl.com\/wp-content\/uploads\/2024\/01\/IMG_20210821_162906_resized_20240106_065148499-768x576.jpg 768w, https:\/\/vinavl.com\/wp-content\/uploads\/2024\/01\/IMG_20210821_162906_resized_20240106_065148499-1536x1152.jpg 1536w, https:\/\/vinavl.com\/wp-content\/uploads\/2024\/01\/IMG_20210821_162906_resized_20240106_065148499-2048x1536.jpg 2048w\" sizes=\"(max-width: 1024px) 100vw, 1024px\" \/>\t\t\t\t\t\t\t\t\t\t\t\t\t<\/div>\n\t\t\t\t<\/div>\n\t\t\t\t<\/div>\n\t\t\t\t\t<\/div>\n\t\t\t\t<\/div>\n\t\t<div class=\"elementor-element elementor-element-4176a2a e-flex e-con-boxed e-con e-parent\" data-id=\"4176a2a\" data-element_type=\"container\">\n\t\t\t\t\t<div class=\"e-con-inner\">\n\t\t<div class=\"elementor-element elementor-element-1272399 e-con-full e-flex e-con e-child\" data-id=\"1272399\" data-element_type=\"container\">\n\t\t\t\t<div class=\"elementor-element elementor-element-9f6292d elementor-widget elementor-widget-image\" data-id=\"9f6292d\" data-element_type=\"widget\" data-widget_type=\"image.default\">\n\t\t\t\t<div class=\"elementor-widget-container\">\n\t\t\t\t\t\t\t\t\t\t\t\t\t<img decoding=\"async\" width=\"480\" height=\"640\" src=\"https:\/\/vinavl.com\/wp-content\/uploads\/2024\/01\/IMG_0972-rotated.jpg\" class=\"attachment-large size-large wp-image-222\" alt=\"\" srcset=\"https:\/\/vinavl.com\/wp-content\/uploads\/2024\/01\/IMG_0972-rotated.jpg 480w, https:\/\/vinavl.com\/wp-content\/uploads\/2024\/01\/IMG_0972-225x300.jpg 225w\" sizes=\"(max-width: 480px) 100vw, 480px\" \/>\t\t\t\t\t\t\t\t\t\t\t\t\t<\/div>\n\t\t\t\t<\/div>\n\t\t\t\t<\/div>\n\t\t<div class=\"elementor-element elementor-element-22b341a e-con-full e-flex e-con e-child\" data-id=\"22b341a\" data-element_type=\"container\">\n\t\t\t\t<div class=\"elementor-element elementor-element-d3bafb6 elementor-widget elementor-widget-image\" data-id=\"d3bafb6\" data-element_type=\"widget\" data-widget_type=\"image.default\">\n\t\t\t\t<div class=\"elementor-widget-container\">\n\t\t\t\t\t\t\t\t\t\t\t\t\t<img decoding=\"async\" width=\"480\" height=\"640\" src=\"https:\/\/vinavl.com\/wp-content\/uploads\/2024\/01\/IMG_1465-rotated.jpg\" class=\"attachment-large size-large wp-image-219\" alt=\"\" srcset=\"https:\/\/vinavl.com\/wp-content\/uploads\/2024\/01\/IMG_1465-rotated.jpg 480w, https:\/\/vinavl.com\/wp-content\/uploads\/2024\/01\/IMG_1465-225x300.jpg 225w\" sizes=\"(max-width: 480px) 100vw, 480px\" \/>\t\t\t\t\t\t\t\t\t\t\t\t\t<\/div>\n\t\t\t\t<\/div>\n\t\t\t\t<\/div>\n\t\t<div class=\"elementor-element elementor-element-ca8e46c e-con-full e-flex e-con e-child\" data-id=\"ca8e46c\" data-element_type=\"container\">\n\t\t\t\t<div class=\"elementor-element elementor-element-a6ec7bc elementor-widget elementor-widget-image\" data-id=\"a6ec7bc\" data-element_type=\"widget\" data-widget_type=\"image.default\">\n\t\t\t\t<div class=\"elementor-widget-container\">\n\t\t\t\t\t\t\t\t\t\t\t\t\t<img loading=\"lazy\" decoding=\"async\" width=\"480\" height=\"640\" src=\"https:\/\/vinavl.com\/wp-content\/uploads\/2024\/01\/IMG_1977.jpg\" class=\"attachment-large size-large wp-image-220\" alt=\"\" srcset=\"https:\/\/vinavl.com\/wp-content\/uploads\/2024\/01\/IMG_1977.jpg 480w, https:\/\/vinavl.com\/wp-content\/uploads\/2024\/01\/IMG_1977-225x300.jpg 225w\" sizes=\"(max-width: 480px) 100vw, 480px\" \/>\t\t\t\t\t\t\t\t\t\t\t\t\t<\/div>\n\t\t\t\t<\/div>\n\t\t\t\t<\/div>\n\t\t<div class=\"elementor-element elementor-element-56dd5d2 e-con-full e-flex e-con e-child\" data-id=\"56dd5d2\" data-element_type=\"container\">\n\t\t\t\t<div class=\"elementor-element elementor-element-8a8ebef elementor-widget elementor-widget-image\" data-id=\"8a8ebef\" data-element_type=\"widget\" data-widget_type=\"image.default\">\n\t\t\t\t<div class=\"elementor-widget-container\">\n\t\t\t\t\t\t\t\t\t\t\t\t\t<img loading=\"lazy\" decoding=\"async\" width=\"480\" height=\"640\" src=\"https:\/\/vinavl.com\/wp-content\/uploads\/2024\/01\/IMG_1135-rotated.jpg\" class=\"attachment-large size-large wp-image-223\" alt=\"\" srcset=\"https:\/\/vinavl.com\/wp-content\/uploads\/2024\/01\/IMG_1135-rotated.jpg 480w, https:\/\/vinavl.com\/wp-content\/uploads\/2024\/01\/IMG_1135-225x300.jpg 225w\" sizes=\"(max-width: 480px) 100vw, 480px\" \/>\t\t\t\t\t\t\t\t\t\t\t\t\t<\/div>\n\t\t\t\t<\/div>\n\t\t\t\t<\/div>\n\t\t\t\t\t<\/div>\n\t\t\t\t<\/div>\n\t\t\t\t<\/div>\n\t\t","protected":false},"excerpt":{"rendered":"<p>Leje af gildesal Lejem\u00e5let er gildestue, k\u00f8kken og toilet, med plads til 50 personer. K\u00f8kken indeholder komfur, k\u00f8leskab, kaffemaskine, opvaskemaskine og service mv. Til 50 personer. Der er adgang til fryser. Lokalerne er opvarmet ved ankomst og der ligger br\u00e6nde ved br\u00e6ndeovnen til vedligeholdelse. Der er mulighed for at d\u00e6kke bord, pynte op og forberede [&hellip;]<\/p>\n","protected":false},"author":1,"featured_media":0,"parent":0,"menu_order":0,"comment_status":"closed","ping_status":"closed","template":"","meta":{"footnotes":""},"_links":{"self":[{"href":"https:\/\/vinavl.com\/index.php?rest_route=\/wp\/v2\/pages\/70"}],"collection":[{"href":"https:\/\/vinavl.com\/index.php?rest_route=\/wp\/v2\/pages"}],"about":[{"href":"https:\/\/vinavl.com\/index.php?rest_route=\/wp\/v2\/types\/page"}],"author":[{"embeddable":true,"href":"https:\/\/vinavl.com\/index.php?rest_route=\/wp\/v2\/users\/1"}],"replies":[{"embeddable":true,"href":"https:\/\/vinavl.com\/index.php?rest_route=%2Fwp%2Fv2%2Fcomments&post=70"}],"version-history":[{"count":10,"href":"https:\/\/vinavl.com\/index.php?rest_route=\/wp\/v2\/pages\/70\/revisions"}],"predecessor-version":[{"id":244,"href":"https:\/\/vinavl.com\/index.php?rest_route=\/wp\/v2\/pages\/70\/revisions\/244"}],"wp:attachment":[{"href":"https:\/\/vinavl.com\/index.php?rest_route=%2Fwp%2Fv2%2Fmedia&parent=70"}],"curies":[{"name":"wp","href":"https:\/\/api.w.org\/{rel}","templated":true}]}}